{"id":32,"date":"2015-12-09T13:51:54","date_gmt":"2015-12-09T12:51:54","guid":{"rendered":"http:\/\/psychoterapia-uk.pl\/?page_id=32"},"modified":"2022-11-28T16:38:43","modified_gmt":"2022-11-28T16:38:43","slug":"about","status":"publish","type":"page","link":"https:\/\/psychoterapia-uk.pl\/index.php\/about\/","title":{"rendered":"O mnie"},"content":{"rendered":"<p><img loading=\"lazy\" decoding=\"async\" class=\"alignnone size-medium wp-image-150 alignright\" src=\"http:\/\/psychoterapia-uk.pl\/wp-content\/uploads\/2015\/12\/4-nieobrobione-201x300.jpg\" alt=\"4-nieobrobione\" width=\"201\" height=\"300\" srcset=\"https:\/\/psychoterapia-uk.pl\/wp-content\/uploads\/2015\/12\/4-nieobrobione-201x300.jpg 201w, https:\/\/psychoterapia-uk.pl\/wp-content\/uploads\/2015\/12\/4-nieobrobione-scaled-350x522.jpg 350w, https:\/\/psychoterapia-uk.pl\/wp-content\/uploads\/2015\/12\/4-nieobrobione-768x1144.jpg 768w, https:\/\/psychoterapia-uk.pl\/wp-content\/uploads\/2015\/12\/4-nieobrobione-687x1024.jpg 687w, https:\/\/psychoterapia-uk.pl\/wp-content\/uploads\/2015\/12\/4-nieobrobione-scaled.jpg 1718w\" sizes=\"auto, (max-width: 201px) 100vw, 201px\" \/>Jestem dyplomowanym psychologiem i psychoterapeut\u0105, zarejestrowanym w British Association for Counselling &amp; Psychotherapy, numer certyfikatu: 373304.<\/p>\n<p><img loading=\"lazy\" decoding=\"async\" class=\"size-medium wp-image-337 alignleft\" src=\"http:\/\/psychoterapia-uk.pl\/wp-content\/uploads\/2015\/12\/BACP-Logo-373304-300x133.png\" alt=\"\" width=\"300\" height=\"133\" srcset=\"https:\/\/psychoterapia-uk.pl\/wp-content\/uploads\/2015\/12\/BACP-Logo-373304-300x133.png 300w, https:\/\/psychoterapia-uk.pl\/wp-content\/uploads\/2015\/12\/BACP-Logo-373304-350x156.png 350w, https:\/\/psychoterapia-uk.pl\/wp-content\/uploads\/2015\/12\/BACP-Logo-373304-768x341.png 768w, https:\/\/psychoterapia-uk.pl\/wp-content\/uploads\/2015\/12\/BACP-Logo-373304-1024x455.png 1024w\" sizes=\"auto, (max-width: 300px) 100vw, 300px\" \/><\/p>\n<p>Uko\u0144czy\u0142am pi\u0119cioletnie magisterskie studia psychologiczne w Katolickim Uniwersytecie Lubelskim Jana Paw\u0142a II oraz czteroletni\u0105 szko\u0142\u0119 systemowej psychoterapii w O\u015brodku Psychoterapii Systemowej w Krakowie, kt\u00f3ra obejmowa\u0142a trzyletni\u0105 nauk\u0119 podej\u015bcia systemowego w terapii rodzin i rok podej\u015bcia psychodynamicznego.<\/p>\n<p style=\"text-align: justify;\">Zawodowo od kilku lat zajmuj\u0119 si\u0119 problemami wychowawczymi, partnerskimi, pracuj\u0119 z osobami do\u015bwiadczaj\u0105cymi przemocy domowej, a tak\u017ce oferuj\u0119 pomoc w leczeniu depresji i zaburze\u0144 l\u0119kowych.\u00a0 W swojej pracy wykorzystuj\u0119 r\u00f3\u017cne podej\u015bcia, tak by dobra\u0107 optymalne techniki do problemu pacjenta.<\/p>\n<p style=\"text-align: justify;\">Prac\u0119 jako psycholog rozpocz\u0119\u0142am\u00a0praktykami psychologicznymi w Psychologicznym Centrum Wsparcia Dziennego AGAPE w Lublinie, gdzie pracowa\u0142am z dzie\u0107mi m. in. z rodzin z problemami alkoholowymi oraz w Szpitalu Neuropsychiatrycznym im. Prof. M. Kaczy\u0144skiego w Lublinie na Oddziale M\u0142odzie\u017cowym. Zdoby\u0142am tak\u017ce do\u015bwiadczenie jako wyk\u0142adowca przedmiot\u00f3w psychologicznych w Centrum Kszta\u0142cenia Europejskiego \u201eWiedza\u201d (od 2008 r.) oraz psycholog w O\u015brodku Terapii Uzale\u017cnie\u0144 Bere\u017anica (od 2009 r.), gdzie pracowa\u0142am indywidualnie i grupowo z osobami uzale\u017cnionymi od alkoholu. Do kr\u0119gu swoich zainteresowa\u0144 opr\u00f3cz psychologii zaliczam filozofi\u0119 &#8211; od 2008 r. jestem absolwentk\u0105 pi\u0119cioletnich magisterskich studi\u00f3w filozoficznych w Katolickim Uniwersytecie Lubelskim z przygotowaniem pedagogicznym. W 2009 r. uzyska\u0142am uprawnienia do pos\u0142ugiwania si\u0119 metod\u0105 Rorschacha i rysunkiem projekcyjnym. W latach 2015-2016 uko\u0144czy\u0142am szkolenie z psychoterapii gestalt oraz podej\u015bcia poznawczo-behawioralnego w psychoterapii.<\/p>\n<p><strong>Mo\u017cliwo\u015b\u0107 skutecznego wykorzystania swojej wiedzy i umiej\u0119tno\u015bci do zmiany czyjego\u015b \u017cycia na lepsze dostarcza mi wiele satysfakcji, a samo niesienie pomocy innym jest \u017ar\u00f3d\u0142em rado\u015bci z pracy psychoterapeutycznej.<\/strong><\/p>\n<p>Obecnie prowadz\u0119 konsultacje i psychoterapi\u0119 online.<\/p>\n","protected":false},"excerpt":{"rendered":"<p>Jestem dyplomowanym psychologiem i psychoterapeut\u0105, zarejestrowanym w British Association for Counselling &amp; Psychotherapy, numer certyfikatu: 373304. Uko\u0144czy\u0142am pi\u0119cioletnie magisterskie studia psychologiczne w Katolickim Uniwersytecie Lubelskim Jana Paw\u0142a II oraz czteroletni\u0105 &hellip;<\/p>\n","protected":false},"author":1,"featured_media":0,"parent":0,"menu_order":0,"comment_status":"closed","ping_status":"closed","template":"","meta":{"footnotes":""},"class_list":["post-32","page","type-page","status-publish","hentry"],"aioseo_notices":[],"_links":{"self":[{"href":"https:\/\/psychoterapia-uk.pl\/index.php\/wp-json\/wp\/v2\/pages\/32","targetHints":{"allow":["GET"]}}],"collection":[{"href":"https:\/\/psychoterapia-uk.pl\/index.php\/wp-json\/wp\/v2\/pages"}],"about":[{"href":"https:\/\/psychoterapia-uk.pl\/index.php\/wp-json\/wp\/v2\/types\/page"}],"author":[{"embeddable":true,"href":"https:\/\/psychoterapia-uk.pl\/index.php\/wp-json\/wp\/v2\/users\/1"}],"replies":[{"embeddable":true,"href":"https:\/\/psychoterapia-uk.pl\/index.php\/wp-json\/wp\/v2\/comments?post=32"}],"version-history":[{"count":21,"href":"https:\/\/psychoterapia-uk.pl\/index.php\/wp-json\/wp\/v2\/pages\/32\/revisions"}],"predecessor-version":[{"id":370,"href":"https:\/\/psychoterapia-uk.pl\/index.php\/wp-json\/wp\/v2\/pages\/32\/revisions\/370"}],"wp:attachment":[{"href":"https:\/\/psychoterapia-uk.pl\/index.php\/wp-json\/wp\/v2\/media?parent=32"}],"curies":[{"name":"wp","href":"https:\/\/api.w.org\/{rel}","templated":true}]}}