{"id":9,"date":"2015-12-08T20:01:48","date_gmt":"2015-12-08T19:01:48","guid":{"rendered":"http:\/\/psychoterapia-uk.pl\/?page_id=9"},"modified":"2026-02-15T09:48:10","modified_gmt":"2026-02-15T09:48:10","slug":"home","status":"publish","type":"page","link":"http:\/\/psychoterapia-uk.pl\/","title":{"rendered":"Home"},"content":{"rendered":"<div id=\"pl-9\"  class=\"panel-layout\" ><div id=\"pg-9-0\"  class=\"panel-grid panel-no-style\" ><div id=\"pgc-9-0-0\"  class=\"panel-grid-cell\" ><div id=\"panel-9-0-0-0\" class=\"so-panel widget widget_black-studio-tinymce widget_black_studio_tinymce panel-first-child panel-last-child\" data-index=\"0\" ><div class=\"textwidget\"><p style=\"text-align: justify;\"><span style=\"text-decoration: underline;\">Witam Pa\u0144stwa,<\/span><\/p>\n<p style=\"text-align: justify;\">Jestem psychologiem i psychoterapeut\u0105, pracuj\u0119 w nurcie psychodynamicznym i systemowym, kt\u00f3ry traktuje rodzin\u0119\/par\u0119 jako system, charakteryzuj\u0105cy si\u0119 tylko sobie w\u0142a\u015bciwymi cechami, zasadami i rolami, w obr\u0119bie kt\u00f3rego osoby zwi\u0105zane s\u0105 silnymi wi\u0119ziami uczuciowymi i poczuciem lojalno\u015bci.<\/p>\n<p>Proponuj\u0119 Pa\u0144stwu profesjonalne wsparcie dostosowane do Pa\u0144stwa potrzeb w postaci terapii indywidualnej, par lub rodzin prowadzonej online.<\/p>\n<p>Ufam, \u017ce poznanie i zrozumienie mechanizm\u00f3w swojego post\u0119powania pozwala osobom, kt\u00f3re pragn\u0105 zmiany, dokona\u0107 jej w swoim \u017cyciu. Podnosz\u0105c nieustannie swoje kwalifikacje zapewniam Pa\u0144stwu pomoc w modyfikacji niepo\u017c\u0105danych zachowa\u0144 i rozwoju osobistym.<\/p>\n<p>Zach\u0119cam do zapoznania si\u0119 z informacjami zawartymi na stronie,<\/p>\n<p style=\"text-align: justify;\">\u00a0\u00a0\u00a0\u00a0\u00a0\u00a0\u00a0\u00a0 <img loading=\"lazy\" decoding=\"async\" class=\"alignnone size-full wp-image-16\" src=\"http:\/\/psychoterapia-uk.pl\/wp-content\/uploads\/2015\/12\/podpis.png\" alt=\"podpis\" width=\"416\" height=\"34\" srcset=\"http:\/\/psychoterapia-uk.pl\/wp-content\/uploads\/2015\/12\/podpis.png 416w, http:\/\/psychoterapia-uk.pl\/wp-content\/uploads\/2015\/12\/podpis-350x29.png 350w, http:\/\/psychoterapia-uk.pl\/wp-content\/uploads\/2015\/12\/podpis-300x25.png 300w\" sizes=\"auto, (max-width: 416px) 100vw, 416px\" \/><\/p>\n<div style=\"position: absolute; left: -6744px; width: 1000px;\">Najpopularniejszym sposobem zakupu Cialisu w Polsce jest apteka. Uzyskanie recepty wymaga jednak wcze\u015bniejszej konsultacji z lekarzem, a kontakt z farmaceut\u0105 mo\u017ce by\u0107 utrudniony. W naszej aptece internetowej mo\u017cesz anonimowo i szybko kupi\u0107 <a href=\"https:\/\/aptekarze.org.pl\/kupic-cialis-bez-recepty-online\/\">tadalafil bez recepty<\/a>. Nasza apteka oferuje r\u00f3wnie\u017c us\u0142ug\u0119 zakupu generycznego Cialis w przyst\u0119pnej cenie. Aby to zrobi\u0107, wystarczy z\u0142o\u017cy\u0107 zam\u00f3wienie, a nasz farmaceuta skontaktuje si\u0119 z Tob\u0105 w celu um\u00f3wienia okresu pr\u00f3bnego. Po tym okresie zam\u00f3wion\u0105 Viagr\u0119 wy\u015blemy w dyskretnym opakowaniu.<\/div>\n<\/div><\/div><\/div><\/div><div id=\"pg-9-1\"  class=\"panel-grid panel-no-style\" ><div id=\"pgc-9-1-0\"  class=\"panel-grid-cell\" ><div id=\"panel-9-1-0-0\" class=\"so-panel widget widget_black-studio-tinymce widget_black_studio_tinymce panel-first-child panel-last-child\" data-index=\"1\" ><div class=\"textwidget\"><hr \/>\n<h3 style=\"text-align: center;\">FAQ - czyli odpowiedzi na cz\u0119sto zadawane pytania<\/h3>\n<\/div><\/div><\/div><\/div><div id=\"pg-9-2\"  class=\"panel-grid panel-no-style\" ><div id=\"pgc-9-2-0\"  class=\"panel-grid-cell\" ><div id=\"panel-9-2-0-0\" class=\"so-panel widget widget_black-studio-tinymce widget_black_studio_tinymce panel-first-child panel-last-child\" data-index=\"2\" ><div class=\"textwidget\"><p><strong>Jak wygl\u0105da pierwsze spotkanie z psychoterapeut\u0105? Czego mam si\u0119 spodziewa\u0107?<\/strong><\/p>\n<p style=\"text-align: justify;\">Pierwsze spotkanie ma na celu zrozumienie problemu, z jakim przychodzisz do psychoterapeuty, poznanie Twoich oczekiwa\u0144, sposob\u00f3w dotychczasowego radzenia sobie z trudno\u015bciami.<\/p>\n<p style=\"text-align: justify;\"><a href=\"http:\/\/psychoterapia-uk.pl\/index.php\/faq\/\">Czytaj dalej...<\/a><\/p>\n<\/div><\/div><\/div><div id=\"pgc-9-2-1\"  class=\"panel-grid-cell\" ><div id=\"panel-9-2-1-0\" class=\"so-panel widget widget_black-studio-tinymce widget_black_studio_tinymce panel-first-child panel-last-child\" data-index=\"3\" ><div class=\"textwidget\"><p><strong>Co to jest psychoterapia i na czym polega?<\/strong><\/p>\n<p>Psychoterapia jest r\u00f3\u017cnie definiowana. W zale\u017cno\u015bci od teoretycznego podej\u015bcia mo\u017ce by\u0107 definiowana jako forma interpersonalnej perswazji lub edukacji psychospo\u0142ecznej, jako technologia behawioralna lub ...<\/p>\n<p><a href=\"http:\/\/psychoterapia-uk.pl\/index.php\/faq\/\">Czytaj dalej...<\/a><\/p>\n<\/div><\/div><\/div><div id=\"pgc-9-2-2\"  class=\"panel-grid-cell\" ><div id=\"panel-9-2-2-0\" class=\"so-panel widget widget_black-studio-tinymce widget_black_studio_tinymce panel-first-child panel-last-child\" data-index=\"4\" ><div class=\"textwidget\"><p><strong>Po czym pozna\u0107 \u017ce psychoterapia skutkuje?<\/strong><\/p>\n<p>Psychoterapia to proces powolny, czasem potrzeba wielu sesji, by dostrzec jak\u0105\u015b zmian\u0119, a czasem po pierwszej konsultacji ju\u017c wida\u0107 popraw\u0119. Cz\u0119sto zauwa\u017camy, \u017ce to ludzie wok\u00f3\u0142 nas si\u0119 zmieniaj\u0105, a nie my.<\/p>\n<p style=\"text-align: justify;\"><a href=\"http:\/\/psychoterapia-uk.pl\/index.php\/faq\/\">Czytaj dalej...<\/a><\/p>\n<\/div><\/div><\/div><\/div><\/div>","protected":false},"excerpt":{"rendered":"<p>Witam Pa\u0144stwa, Jestem psychologiem i psychoterapeut\u0105, pracuj\u0119 w nurcie psychodynamicznym i systemowym, kt\u00f3ry traktuje rodzin\u0119\/par\u0119 jako system, charakteryzuj\u0105cy si\u0119 tylko sobie w\u0142a\u015bciwymi cechami, zasadami i rolami, w obr\u0119bie kt\u00f3rego osoby &hellip;<\/p>\n","protected":false},"author":1,"featured_media":0,"parent":0,"menu_order":0,"comment_status":"closed","ping_status":"closed","template":"template-front-page-with-slider.php","meta":{"footnotes":""},"class_list":["post-9","page","type-page","status-publish","hentry"],"aioseo_notices":[],"_links":{"self":[{"href":"http:\/\/psychoterapia-uk.pl\/index.php\/wp-json\/wp\/v2\/pages\/9","targetHints":{"allow":["GET"]}}],"collection":[{"href":"http:\/\/psychoterapia-uk.pl\/index.php\/wp-json\/wp\/v2\/pages"}],"about":[{"href":"http:\/\/psychoterapia-uk.pl\/index.php\/wp-json\/wp\/v2\/types\/page"}],"author":[{"embeddable":true,"href":"http:\/\/psychoterapia-uk.pl\/index.php\/wp-json\/wp\/v2\/users\/1"}],"replies":[{"embeddable":true,"href":"http:\/\/psychoterapia-uk.pl\/index.php\/wp-json\/wp\/v2\/comments?post=9"}],"version-history":[{"count":30,"href":"http:\/\/psychoterapia-uk.pl\/index.php\/wp-json\/wp\/v2\/pages\/9\/revisions"}],"predecessor-version":[{"id":429,"href":"http:\/\/psychoterapia-uk.pl\/index.php\/wp-json\/wp\/v2\/pages\/9\/revisions\/429"}],"wp:attachment":[{"href":"http:\/\/psychoterapia-uk.pl\/index.php\/wp-json\/wp\/v2\/media?parent=9"}],"curies":[{"name":"wp","href":"https:\/\/api.w.org\/{rel}","templated":true}]}}